{"id":463,"date":"2025-09-24T10:29:09","date_gmt":"2025-09-24T08:29:09","guid":{"rendered":"https:\/\/invest-website.ivato.de\/?page_id=463"},"modified":"2025-10-29T14:38:09","modified_gmt":"2025-10-29T13:38:09","slug":"kontakt","status":"publish","type":"page","link":"https:\/\/invest-website.ivato.de\/en\/kontakt\/","title":{"rendered":"Kontakt"},"content":{"rendered":"<p>[et_pb_section fb_built=&#8221;1&#8243; custom_padding_last_edited=&#8221;on|desktop&#8221; _builder_version=&#8221;4.27.4&#8243; _module_preset=&#8221;default&#8221; use_background_color_gradient=&#8221;on&#8221; background_color_gradient_stops=&#8221;#ffffff 4%|rgba(255,255,255,0) 50%&#8221; background_color_gradient_overlays_image=&#8221;on&#8221; background_image=&#8221;https:\/\/invest-website.ivato.de\/wp-content\/uploads\/2025\/08\/InWest-leipzig-Karte.webp&#8221; parallax=&#8221;on&#8221; custom_margin=&#8221;0px|32px|0px|32px|false|false&#8221; custom_margin_tablet=&#8221;0px|4%|40px|4%|false|false&#8221; custom_margin_phone=&#8221;0px|4%|40px|4%|false|false&#8221; custom_margin_last_edited=&#8221;on|desktop&#8221; custom_padding=&#8221;640px||0px||false|false&#8221; custom_padding_tablet=&#8221;280px||0px||false|false&#8221; custom_padding_phone=&#8221;240px||||false|false&#8221; global_colors_info=&#8221;{}&#8221;][et_pb_row custom_padding_last_edited=&#8221;on|phone&#8221; _builder_version=&#8221;4.27.4&#8243; _module_preset=&#8221;default&#8221; width=&#8221;95%&#8221; width_tablet=&#8221;95%&#8221; width_phone=&#8221;90%&#8221; width_last_edited=&#8221;on|phone&#8221; max_width=&#8221;none&#8221; custom_margin=&#8221;0px||0px||false|false&#8221; custom_padding=&#8221;0px||80px||false|false&#8221; custom_padding_tablet=&#8221;0px||40px||false|false&#8221; custom_padding_phone=&#8221;0px||40px||false|false&#8221; locked=&#8221;off&#8221; global_colors_info=&#8221;{}&#8221;][et_pb_column type=&#8221;4_4&#8243; _builder_version=&#8221;4.27.4&#8243; _module_preset=&#8221;default&#8221; global_colors_info=&#8221;{}&#8221;][difl_divider separetor_type=&#8221;no&#8221; divider_line_color=&#8221;#FFFFFF&#8221; divider_right_line_color=&#8221;#FFFFFF&#8221; divider_line_width=&#8221;1px&#8221; line_alignment=&#8221;center&#8221; _builder_version=&#8221;4.27.4&#8243; _module_preset=&#8221;default&#8221; global_colors_info=&#8221;{}&#8221;][\/difl_divider][\/et_pb_column][\/et_pb_row][\/et_pb_section][et_pb_section fb_built=&#8221;1&#8243; custom_padding_last_edited=&#8221;on|phone&#8221; _builder_version=&#8221;4.27.4&#8243; _module_preset=&#8221;default&#8221; background_color=&#8221;#FFFFFF&#8221; vertical_offset=&#8221;-60px&#8221; width=&#8221;92%&#8221; width_tablet=&#8221;88%&#8221; width_phone=&#8221;84%&#8221; width_last_edited=&#8221;on|phone&#8221; module_alignment=&#8221;center&#8221; custom_margin=&#8221;0px||0px||false|false&#8221; custom_margin_tablet=&#8221;0px||0px||false|false&#8221; custom_margin_phone=&#8221;0px||0px||false|false&#8221; custom_margin_last_edited=&#8221;on|tablet&#8221; custom_padding=&#8221;60px|60px|100px|60px|false|false&#8221; custom_padding_tablet=&#8221;60px||40px||false|false&#8221; custom_padding_phone=&#8221;60px|0px|40px|0px|false|false&#8221; border_color_top=&#8221;#000000&#8243; border_color_bottom=&#8221;#000000&#8243; global_colors_info=&#8221;{}&#8221;][et_pb_row make_equal=&#8221;on&#8221; custom_padding_last_edited=&#8221;on|phone&#8221; _builder_version=&#8221;4.27.4&#8243; _module_preset=&#8221;default&#8221; width=&#8221;100%&#8221; max_width=&#8221;none&#8221; module_alignment=&#8221;center&#8221; custom_margin=&#8221;0px||60px||false|false&#8221; custom_margin_tablet=&#8221;0px||60px||false|false&#8221; custom_margin_phone=&#8221;||20px||false|false&#8221; custom_margin_last_edited=&#8221;on|phone&#8221; custom_padding=&#8221;0px|0px|0px|0px|false|false&#8221; custom_padding_tablet=&#8221;0px||0px|0px|false|false&#8221; custom_padding_phone=&#8221;|20px||20px|false|false&#8221; global_colors_info=&#8221;{}&#8221; custom_css_main_element_last_edited=&#8221;on|phone&#8221; custom_css_main_element_tablet=&#8221;display:flex;&#8221; custom_css_main_element_phone=&#8221;display:block;&#8221;][et_pb_column type=&#8221;4_4&#8243; _builder_version=&#8221;4.27.4&#8243; _module_preset=&#8221;default&#8221; global_colors_info=&#8221;{}&#8221; custom_css_main_element_last_edited=&#8221;on|phone&#8221; custom_css_main_element_tablet=&#8221;margin:auto;&#8221; custom_css_main_element_phone=&#8221;margin:break-all;&#8221;][et_pb_text _builder_version=&#8221;4.27.4&#8243; _module_preset=&#8221;6f10dc86-2864-4aa4-a762-64a8a05efc52&#8243; header_text_align=&#8221;center&#8221; custom_margin=&#8221;0px||20px||false|false&#8221; custom_padding=&#8221;0px||0px||false|false&#8221; hover_enabled=&#8221;0&#8243; global_colors_info=&#8221;{}&#8221; sticky_enabled=&#8221;0&#8243;]<\/p>\n<h1>Kontakt<\/h1>\n<p>[\/et_pb_text][et_pb_text content_tablet=&#8221;<\/p>\n<p>Sie haben Fragen oder m\u00f6chten investieren?<br \/>Unsere Experten beraten Sie gerne pers\u00f6nlich.<br \/>Nehmen Sie jetzte Kontakt zu uns auf:<\/p>\n<p>&#8221; content_phone=&#8221;<\/p>\n<p>Sie haben Fragen oder m\u00f6chten investieren? Unsere Experten beraten Sie gerne pers\u00f6nlich. Nehmen Sie jetzte Kontakt zu uns auf:<\/p>\n<p>&#8221; content_last_edited=&#8221;on|phone&#8221; _builder_version=&#8221;4.27.4&#8243; _module_preset=&#8221;6f10dc86-2864-4aa4-a762-64a8a05efc52&#8243; header_text_align=&#8221;center&#8221; header_text_color=&#8221;#926F34&#8243; text_orientation=&#8221;center&#8221; width=&#8221;60%&#8221; width_tablet=&#8221;100%&#8221; width_phone=&#8221;100%&#8221; width_last_edited=&#8221;on|phone&#8221; module_alignment=&#8221;center&#8221; custom_margin=&#8221;0px||0px||false|false&#8221; custom_padding=&#8221;0px||0px||false|false&#8221; global_colors_info=&#8221;{}&#8221;]<\/p>\n<p>Sie haben Fragen oder m\u00f6chten investieren?<br \/>Unsere Experten beraten Sie gerne pers\u00f6nlich.<br \/>Nehmen Sie jetzte Kontakt zu uns auf:<\/p>\n<p>[\/et_pb_text][\/et_pb_column][\/et_pb_row][et_pb_row make_equal=&#8221;on&#8221; _builder_version=&#8221;4.27.4&#8243; _module_preset=&#8221;default&#8221; width=&#8221;46%&#8221; width_tablet=&#8221;88%&#8221; width_phone=&#8221;100%&#8221; width_last_edited=&#8221;on|phone&#8221; max_width=&#8221;none&#8221; module_alignment=&#8221;center&#8221; custom_margin=&#8221;0px||0px||false|false&#8221; custom_padding=&#8221;0px||0px||false|false&#8221; global_colors_info=&#8221;{}&#8221; custom_css_main_element_last_edited=&#8221;on|phone&#8221; custom_css_main_element_tablet=&#8221;display:flex;&#8221; custom_css_main_element_phone=&#8221;display:block;&#8221;][et_pb_column type=&#8221;4_4&#8243; _builder_version=&#8221;4.27.4&#8243; _module_preset=&#8221;default&#8221; global_colors_info=&#8221;{}&#8221; custom_css_main_element_last_edited=&#8221;on|phone&#8221; custom_css_main_element_tablet=&#8221;margin:auto;&#8221; custom_css_main_element_phone=&#8221;margin:break-all;&#8221;][et_pb_contact_form email=&#8221;anfragen@inwest-management.com&#8221; custom_message=&#8221;Ein Anfrage \u00fcber das Kontaktformular von InWest Property Management ist eingegangen:||et_pb_line_break_holder||||et_pb_line_break_holder||Name: %%Name%%||et_pb_line_break_holder||Telefonnummer: %%Telefonnummer%%||et_pb_line_break_holder||R\u00fcckmeldung \u00fcber E-Mail: %%Email-Adresse%%||et_pb_line_break_holder||||et_pb_line_break_holder||Anfrage von %%Name%% :||et_pb_line_break_holder||%%Nachricht%%&#8221; submit_button_text=&#8221;R\u00fcckruf anfordern&#8221; _builder_version=&#8221;4.27.4&#8243; _module_preset=&#8221;default&#8221; _unique_id=&#8221;be9fa52c-9f81-4a30-a8a5-fc81f0c3f9c0&#8243; captcha_font=&#8221;Jost regular||||||||&#8221; captcha_text_color=&#8221;#000000&#8243; captcha_font_size=&#8221;18px&#8221; captcha_letter_spacing=&#8221;0.02em&#8221; captcha_line_height=&#8221;1.8em&#8221; hover_enabled=&#8221;0&#8243; captcha_font_size_tablet=&#8221;18px&#8221; captcha_font_size_phone=&#8221;16px&#8221; captcha_font_size_last_edited=&#8221;on|phone&#8221; admin_email_subject=&#8221;Anfrage \u00fcber Kontaktformular&#8221; use_confirmation_email=&#8221;on&#8221; confirmation_email_field_id=&#8221;Email-Adresse&#8221; confirmation_email_subject=&#8221;Best\u00e4tigung Ihrer Anfrage \u00fcber InWest-Kontaktformular&#8221; confirmation_email_from_name=&#8221;InWest Property Management&#8221; confirmation_email_message=&#8221;Vielen Dank f\u00fcr Ihr Interesse an unseren Dienstleistungen.<\/p>\n<p>Wir melden uns schnellstm\u00f6glich bez\u00fcglich ihrer Anfrage bei Ihnen.<\/p>\n<p>Mit freundlichen Gr\u00fc\u00dfen<br \/>\nInWest Property Management-Team<\/p>\n<p>InWest Property Management-Team<br \/>\nBarfu\u00dfg\u00e4sschen 13<br \/>\nD-04109 Leipzig&#8221; submit_button_wait_text=&#8221;&#8230; wird bearbeitet&#8221; hide_success_message=&#8221;on&#8221; hide_form_title=&#8221;on&#8221; custom_use_redirect=&#8221;on&#8221; custom_redirect_to=&#8221;page&#8221; custom_redirect_page=&#8221;1222&#8243; custom_redirect_delay=&#8221;2000&#8243; global_colors_info=&#8221;{}&#8221; custom_css_contact_button_last_edited=&#8221;on|phone&#8221; custom_css_contact_button_tablet=&#8221;width:100% !important;&#8221; custom_css_contact_button_phone=&#8221;width:100% !important;&#8221; button_text_color__hover_enabled=&#8221;on|hover&#8221; button_text_color__hover=&#8221;#FFCC33&#8243; button_border_color__hover=&#8221;#000000&#8243; sticky_enabled=&#8221;0&#8243; button_bg_color__hover=&#8221;#000000&#8243;][et_pb_contact_field field_id=&#8221;Name&#8221; field_title=&#8221;Name&#8221; fullwidth_field=&#8221;on&#8221; _builder_version=&#8221;4.27.4&#8243; global_colors_info=&#8221;{}&#8221; button_text_size__hover_enabled=&#8221;off&#8221; button_one_text_size__hover_enabled=&#8221;off&#8221; button_two_text_size__hover_enabled=&#8221;off&#8221; button_text_color__hover_enabled=&#8221;off&#8221; button_one_text_color__hover_enabled=&#8221;off&#8221; button_two_text_color__hover_enabled=&#8221;off&#8221; button_border_width__hover_enabled=&#8221;off&#8221; button_one_border_width__hover_enabled=&#8221;off&#8221; button_two_border_width__hover_enabled=&#8221;off&#8221; button_border_color__hover_enabled=&#8221;off&#8221; button_one_border_color__hover_enabled=&#8221;off&#8221; button_two_border_color__hover_enabled=&#8221;off&#8221; button_border_radius__hover_enabled=&#8221;off&#8221; button_one_border_radius__hover_enabled=&#8221;off&#8221; button_two_border_radius__hover_enabled=&#8221;off&#8221; button_letter_spacing__hover_enabled=&#8221;off&#8221; button_one_letter_spacing__hover_enabled=&#8221;off&#8221; button_two_letter_spacing__hover_enabled=&#8221;off&#8221; button_bg_color__hover_enabled=&#8221;off&#8221; button_one_bg_color__hover_enabled=&#8221;off&#8221; button_two_bg_color__hover_enabled=&#8221;off&#8221;][\/et_pb_contact_field][et_pb_contact_field field_id=&#8221;Telefonnummer&#8221; field_title=&#8221;Telefonnummer&#8221; max_length=&#8221;200&#8243; fullwidth_field=&#8221;on&#8221; _builder_version=&#8221;4.27.4&#8243; global_colors_info=&#8221;{}&#8221; button_text_size__hover_enabled=&#8221;off&#8221; button_one_text_size__hover_enabled=&#8221;off&#8221; button_two_text_size__hover_enabled=&#8221;off&#8221; button_text_color__hover_enabled=&#8221;off&#8221; button_one_text_color__hover_enabled=&#8221;off&#8221; button_two_text_color__hover_enabled=&#8221;off&#8221; button_border_width__hover_enabled=&#8221;off&#8221; button_one_border_width__hover_enabled=&#8221;off&#8221; button_two_border_width__hover_enabled=&#8221;off&#8221; button_border_color__hover_enabled=&#8221;off&#8221; button_one_border_color__hover_enabled=&#8221;off&#8221; button_two_border_color__hover_enabled=&#8221;off&#8221; button_border_radius__hover_enabled=&#8221;off&#8221; button_one_border_radius__hover_enabled=&#8221;off&#8221; button_two_border_radius__hover_enabled=&#8221;off&#8221; button_letter_spacing__hover_enabled=&#8221;off&#8221; button_one_letter_spacing__hover_enabled=&#8221;off&#8221; button_two_letter_spacing__hover_enabled=&#8221;off&#8221; button_bg_color__hover_enabled=&#8221;off&#8221; button_one_bg_color__hover_enabled=&#8221;off&#8221; button_two_bg_color__hover_enabled=&#8221;off&#8221;][\/et_pb_contact_field][et_pb_contact_field field_id=&#8221;Email-Adresse&#8221; field_title=&#8221;E-Mail-Adresse&#8221; field_type=&#8221;email&#8221; fullwidth_field=&#8221;on&#8221; _builder_version=&#8221;4.27.4&#8243; global_colors_info=&#8221;{}&#8221; button_text_size__hover_enabled=&#8221;off&#8221; button_one_text_size__hover_enabled=&#8221;off&#8221; button_two_text_size__hover_enabled=&#8221;off&#8221; button_text_color__hover_enabled=&#8221;off&#8221; button_one_text_color__hover_enabled=&#8221;off&#8221; button_two_text_color__hover_enabled=&#8221;off&#8221; button_border_width__hover_enabled=&#8221;off&#8221; button_one_border_width__hover_enabled=&#8221;off&#8221; button_two_border_width__hover_enabled=&#8221;off&#8221; button_border_color__hover_enabled=&#8221;off&#8221; button_one_border_color__hover_enabled=&#8221;off&#8221; button_two_border_color__hover_enabled=&#8221;off&#8221; button_border_radius__hover_enabled=&#8221;off&#8221; button_one_border_radius__hover_enabled=&#8221;off&#8221; button_two_border_radius__hover_enabled=&#8221;off&#8221; button_letter_spacing__hover_enabled=&#8221;off&#8221; button_one_letter_spacing__hover_enabled=&#8221;off&#8221; button_two_letter_spacing__hover_enabled=&#8221;off&#8221; button_bg_color__hover_enabled=&#8221;off&#8221; button_one_bg_color__hover_enabled=&#8221;off&#8221; button_two_bg_color__hover_enabled=&#8221;off&#8221;][\/et_pb_contact_field][et_pb_contact_field field_id=&#8221;Nachricht&#8221; field_title=&#8221;Woran sind Sie besonders interessiert?&#8221; field_type=&#8221;text&#8221; required_mark=&#8221;off&#8221; fullwidth_field=&#8221;on&#8221; _builder_version=&#8221;4.27.4&#8243; textarea_min_height=&#8221;160px&#8221; global_colors_info=&#8221;{}&#8221; button_text_size__hover_enabled=&#8221;off&#8221; button_one_text_size__hover_enabled=&#8221;off&#8221; button_two_text_size__hover_enabled=&#8221;off&#8221; button_text_color__hover_enabled=&#8221;off&#8221; button_one_text_color__hover_enabled=&#8221;off&#8221; button_two_text_color__hover_enabled=&#8221;off&#8221; button_border_width__hover_enabled=&#8221;off&#8221; button_one_border_width__hover_enabled=&#8221;off&#8221; button_two_border_width__hover_enabled=&#8221;off&#8221; button_border_color__hover_enabled=&#8221;off&#8221; button_one_border_color__hover_enabled=&#8221;off&#8221; button_two_border_color__hover_enabled=&#8221;off&#8221; button_border_radius__hover_enabled=&#8221;off&#8221; button_one_border_radius__hover_enabled=&#8221;off&#8221; button_two_border_radius__hover_enabled=&#8221;off&#8221; button_letter_spacing__hover_enabled=&#8221;off&#8221; button_one_letter_spacing__hover_enabled=&#8221;off&#8221; button_two_letter_spacing__hover_enabled=&#8221;off&#8221; button_bg_color__hover_enabled=&#8221;off&#8221; button_one_bg_color__hover_enabled=&#8221;off&#8221; button_two_bg_color__hover_enabled=&#8221;off&#8221;][\/et_pb_contact_field][et_pb_contact_field field_id=&#8221;Datenschutz&#8221; field_title=&#8221;Datenschutz&#8221; field_type=&#8221;checkbox&#8221; checkbox_options=&#8221;%91{%22value%22:%22Ich habe die Datenschutzbestimmungen gelesen und akzeptiert *%22,%22checked%22:0,%22dragID%22:-1}%93&#8243; fullwidth_field=&#8221;on&#8221; _builder_version=&#8221;4.27.4&#8243; form_field_background_color=&#8221;#F5F5F5&#8243; form_field_text_color=&#8221;#000000&#8243; form_field_focus_background_color=&#8221;#000000&#8243; form_field_focus_text_color=&#8221;#F5F5F5&#8243; form_field_font=&#8221;Jost regular||||||||&#8221; custom_margin=&#8221;40px||20px||false|false&#8221; custom_padding=&#8221;0px||0px||false|false&#8221; use_field_label_cr=&#8221;off&#8221; field_description=&#8221;Wir verarbeiten Ihre gesendeten Daten (z.B. Kontaktdaten f\u00fcr R\u00fcckfragen zu Ihrer Anfrage) um unsere vertraglichen Verpflichtungen und Serviceleistungen gem\u00e4\u00df Art. 6 Abs. 1 lit b. DSGVO zu erf\u00fcllen.&#8221; border_width_all=&#8221;1px&#8221; border_color_all=&#8221;#000000&#8243; global_colors_info=&#8221;{}&#8221; button_text_size__hover_enabled=&#8221;off&#8221; button_one_text_size__hover_enabled=&#8221;off&#8221; button_two_text_size__hover_enabled=&#8221;off&#8221; button_text_color__hover_enabled=&#8221;off&#8221; button_one_text_color__hover_enabled=&#8221;off&#8221; button_two_text_color__hover_enabled=&#8221;off&#8221; button_border_width__hover_enabled=&#8221;off&#8221; button_one_border_width__hover_enabled=&#8221;off&#8221; button_two_border_width__hover_enabled=&#8221;off&#8221; button_border_color__hover_enabled=&#8221;off&#8221; button_one_border_color__hover_enabled=&#8221;off&#8221; button_two_border_color__hover_enabled=&#8221;off&#8221; button_border_radius__hover_enabled=&#8221;off&#8221; button_one_border_radius__hover_enabled=&#8221;off&#8221; button_two_border_radius__hover_enabled=&#8221;off&#8221; button_letter_spacing__hover_enabled=&#8221;off&#8221; button_one_letter_spacing__hover_enabled=&#8221;off&#8221; button_two_letter_spacing__hover_enabled=&#8221;off&#8221; button_bg_color__hover_enabled=&#8221;off&#8221; button_one_bg_color__hover_enabled=&#8221;off&#8221; button_two_bg_color__hover_enabled=&#8221;off&#8221;][\/et_pb_contact_field][\/et_pb_contact_form][\/et_pb_column][\/et_pb_row][\/et_pb_section]<\/p>","protected":false},"excerpt":{"rendered":"<p><div class=\"et_pb_module difl_divider difl_divider_0\">\n\t\t\t\t\n\t\t\t\t\n\t\t\t\t\n\t\t\t\t\n\t\t\t\t\n\t\t\t\t\n\t\t\t\t<div class=\"et_pb_module_inner\">\n\t\t\t\t\t<div class=\"difl-divider-container difl-divider-solid\" data-settings='[]'>\r\n                            <div class=\"difl-divider-wrapper\">\r\n                                <div class=\"difl-divider-wrapper-separator\">\r\n                                    <div class=\"difl-divider-wrapper-separator-divider\">\r\n                                        <div class=\"difl-divider-inner\">\r\n\r\n                                            <div class=\"difl-divider-content-wrapper icon-type-no\">\r\n                                                \r\n                                                <div class=\"difl-divider-left difl-divider-left-side\">\r\n                                                    <hr>\r\n                                                <\/div>\r\n\r\n                                                \r\n\r\n                                                <div class=\"difl-divider-right difl-divider-right-side\">\r\n                                                    <hr>\r\n                                                <\/div>\r\n                                                \r\n                                            <\/div>\r\n\r\n                                        <\/div>\r\n\r\n                                    <\/div>\r\n\r\n                                <\/div>\r\n\r\n                            <\/div>\r\n\r\n                        <\/div>\n\t\t\t\t<\/div>\n\t\t\t<\/div>KontaktSie haben Fragen oder m\u00f6chten investieren?Unsere Experten beraten Sie gerne pers\u00f6nlich.Nehmen Sie jetzte Kontakt zu uns auf:<\/p>","protected":false},"author":2,"featured_media":0,"parent":0,"menu_order":0,"comment_status":"closed","ping_status":"closed","template":"","meta":{"_acf_changed":false,"_et_pb_use_builder":"on","_et_pb_old_content":"","_et_gb_content_width":"","footnotes":""},"difl_page_category":[],"class_list":["post-463","page","type-page","status-publish","hentry"],"acf":[],"_links":{"self":[{"href":"https:\/\/invest-website.ivato.de\/en\/wp-json\/wp\/v2\/pages\/463","targetHints":{"allow":["GET"]}}],"collection":[{"href":"https:\/\/invest-website.ivato.de\/en\/wp-json\/wp\/v2\/pages"}],"about":[{"href":"https:\/\/invest-website.ivato.de\/en\/wp-json\/wp\/v2\/types\/page"}],"author":[{"embeddable":true,"href":"https:\/\/invest-website.ivato.de\/en\/wp-json\/wp\/v2\/users\/2"}],"replies":[{"embeddable":true,"href":"https:\/\/invest-website.ivato.de\/en\/wp-json\/wp\/v2\/comments?post=463"}],"version-history":[{"count":52,"href":"https:\/\/invest-website.ivato.de\/en\/wp-json\/wp\/v2\/pages\/463\/revisions"}],"predecessor-version":[{"id":2212,"href":"https:\/\/invest-website.ivato.de\/en\/wp-json\/wp\/v2\/pages\/463\/revisions\/2212"}],"wp:attachment":[{"href":"https:\/\/invest-website.ivato.de\/en\/wp-json\/wp\/v2\/media?parent=463"}],"wp:term":[{"taxonomy":"difl_page_category","embeddable":true,"href":"https:\/\/invest-website.ivato.de\/en\/wp-json\/wp\/v2\/difl_page_category?post=463"}],"curies":[{"name":"wp","href":"https:\/\/api.w.org\/{rel}","templated":true}]}}